{"id":25,"date":"2024-03-08T17:04:23","date_gmt":"2024-03-08T16:04:23","guid":{"rendered":"https:\/\/jvp-antenas.com.ar\/cp7dx\/?page_id=25"},"modified":"2025-11-07T01:39:47","modified_gmt":"2025-11-07T00:39:47","slug":"the-team","status":"publish","type":"page","link":"https:\/\/jvp-antenas.com.ar\/cp7dx\/the-team\/","title":{"rendered":"THE TEAM"},"content":{"rendered":"<div id=\"pl-gb25-69ebbcaeab258\"  class=\"panel-layout wp-block-siteorigin-panels-layout-block panel-layout\" ><div id=\"pg-gb25-69ebbcaeab258-0\"  class=\"panel-grid panel-no-style\" ><div id=\"pgc-gb25-69ebbcaeab258-0-0\"  class=\"panel-grid-cell\" ><div id=\"panel-gb25-69ebbcaeab258-0-0-0\" class=\"so-panel widget widget_sow-image panel-first-child panel-last-child\" data-index=\"0\" ><div\n\t\t\t\n\t\t\tclass=\"so-widget-sow-image so-widget-sow-image-default-8b5b6f678277-25\"\n\t\t\t\n\t\t><h3 class=\"widget-title\">LU1FM (Team Lider)<\/h3>\n<div class=\"sow-image-container\">\n\t\t\t<a href=\"https:\/\/www.qrz.com\/db\/LU1FM\"\n\t\t\t\t\t>\n\t\t\t<img \n\tsrc=\"https:\/\/jvp-antenas.com.ar\/cp7dx\/imagenes\/team\/op_LU1FM.jpg\" title=\"LU1FM (Team Lider)\" alt=\"LU1FM (Team Lider)\" \t\tclass=\"so-widget-image\"\/>\n\t\t\t<\/a><\/div>\n\n<\/div><\/div><\/div><div id=\"pgc-gb25-69ebbcaeab258-0-1\"  class=\"panel-grid-cell\" ><div id=\"panel-gb25-69ebbcaeab258-0-1-0\" class=\"so-panel widget widget_sow-editor panel-first-child panel-last-child\" data-index=\"1\" ><div\n\t\t\t\n\t\t\tclass=\"so-widget-sow-editor so-widget-sow-editor-base\"\n\t\t\t\n\t\t><h3 class=\"widget-title\">Jos\u00e9 Luis Murano (Joe)<\/h3>\n<div class=\"siteorigin-widget-tinymce textwidget\">\n\t<h6><span style=\"color: #333399;\">Radioaficionado desde 1978, en sus inicios con el indicativo LU6FAZ particip\u00f3 en los mayores Contest Internacionales.<\/span><br \/>\n<span style=\"color: #333399;\">Dedicado al DX, <strong>obteniendo 5BDXCC 5BWAZ<\/strong>.<br \/>\nEn 2010 cambi\u00f3 su indicativo por el actual <strong>LU1FM<\/strong> y contin\u00faa en los Contest y el DX. En 2015 incursion\u00f3 en las <strong>DXpeditions activando en marzo y octubre Isla San Andr\u00e9s HK\u00d8 como 5J\u00d8B<\/strong> realizando m\u00e1s de 18.600 contactos, logrando entre otros el <strong>premio Cassaward<\/strong> otrogado por Clublog.org, Importante premio por la mayor cantidad de Uniques calls realizados en una DXpedition Single Operator.<br \/>\nEn Noviembre 2017 y Setiembre 2022 nuevamente en <strong>Isla San Andr\u00e9s como 5K0T<\/strong>.<\/span><br \/>\n<span style=\"color: #333399;\">En la actualidad aboacado al DX y Contest e incursiona en sat\u00e9lites continudo con los modos tradicionales de HF, phone, CW y Digitales.<\/span><\/h6>\n<\/div>\n<\/div><\/div><\/div><\/div><div id=\"pg-gb25-69ebbcaeab258-1\"  class=\"panel-grid panel-no-style\" ><div id=\"pgc-gb25-69ebbcaeab258-1-0\"  class=\"panel-grid-cell\" ><div id=\"panel-gb25-69ebbcaeab258-1-0-0\" class=\"so-panel widget widget_sow-image panel-first-child panel-last-child\" data-index=\"2\" ><div\n\t\t\t\n\t\t\tclass=\"so-widget-sow-image so-widget-sow-image-default-8b5b6f678277-25\"\n\t\t\t\n\t\t><h3 class=\"widget-title\">LU1HF<\/h3>\n<div class=\"sow-image-container\">\n\t\t\t<a href=\"https:\/\/www.qrz.com\/db\/LU1HF\"\n\t\t\ttarget=\"_blank\" rel=\"noopener noreferrer\" \t\t>\n\t\t\t<img \n\tsrc=\"https:\/\/jvp-antenas.com.ar\/cp7dx\/imagenes\/team\/op_LU1HF.jpg\" title=\"LU1HF\" alt=\"LU1HF\" \t\tclass=\"so-widget-image\"\/>\n\t\t\t<\/a><\/div>\n\n<\/div><\/div><\/div><div id=\"pgc-gb25-69ebbcaeab258-1-1\"  class=\"panel-grid-cell\" ><div id=\"panel-gb25-69ebbcaeab258-1-1-0\" class=\"so-panel widget widget_sow-editor panel-first-child panel-last-child\" data-index=\"3\" ><div\n\t\t\t\n\t\t\tclass=\"so-widget-sow-editor so-widget-sow-editor-base\"\n\t\t\t\n\t\t><h3 class=\"widget-title\">Juan Manuel Morandi<\/h3>\n<div class=\"siteorigin-widget-tinymce textwidget\">\n\t<\/div>\n<\/div><\/div><\/div><\/div><div id=\"pg-gb25-69ebbcaeab258-2\"  class=\"panel-grid panel-no-style\" ><div id=\"pgc-gb25-69ebbcaeab258-2-0\"  class=\"panel-grid-cell\" ><div id=\"panel-gb25-69ebbcaeab258-2-0-0\" class=\"so-panel widget widget_sow-image panel-first-child panel-last-child\" data-index=\"4\" ><div\n\t\t\t\n\t\t\tclass=\"so-widget-sow-image so-widget-sow-image-default-8b5b6f678277-25\"\n\t\t\t\n\t\t><h3 class=\"widget-title\">LU1HWL<\/h3>\n<div class=\"sow-image-container\">\n\t\t\t<a href=\"https:\/\/www.qrz.com\/db\/LU1HWL\"\n\t\t\ttarget=\"_blank\" rel=\"noopener noreferrer\" \t\t>\n\t\t\t<img \n\tsrc=\"https:\/\/jvp-antenas.com.ar\/cp7dx\/imagenes\/team\/op_LU1HWL.jpg\" title=\"LU1HWL\" alt=\"LU1HWL\" \t\tclass=\"so-widget-image\"\/>\n\t\t\t<\/a><\/div>\n\n<\/div><\/div><\/div><div id=\"pgc-gb25-69ebbcaeab258-2-1\"  class=\"panel-grid-cell\" ><div id=\"panel-gb25-69ebbcaeab258-2-1-0\" class=\"so-panel widget widget_sow-editor panel-first-child panel-last-child\" data-index=\"5\" ><div\n\t\t\t\n\t\t\tclass=\"so-widget-sow-editor so-widget-sow-editor-base\"\n\t\t\t\n\t\t><h3 class=\"widget-title\">Sergio Oscar Verhnano<\/h3>\n<div class=\"siteorigin-widget-tinymce textwidget\">\n\t<h6 style=\"font-weight: 400;\"><span style=\"color: #333399;\">60a\u00f1os . Ing Electromec\u00e1nico.<\/span><br \/>\n<span style=\"color: #333399;\">Radioescucha desde los 11 a\u00f1os.<\/span><br \/>\n<span style=\"color: #333399;\">Obtuvo su Se\u00f1al Distintiva <strong>LU1HWL en el a\u00f1o 1982.<\/strong><\/span><br \/>\n<strong><span style=\"color: #333399;\">Ciclista, monta\u00f1ista y piloto de parapente.<\/span><\/strong><\/h6>\n<\/div>\n<\/div><\/div><\/div><\/div><div id=\"pg-gb25-69ebbcaeab258-3\"  class=\"panel-grid panel-no-style\" ><div id=\"pgc-gb25-69ebbcaeab258-3-0\"  class=\"panel-grid-cell\" ><div id=\"panel-gb25-69ebbcaeab258-3-0-0\" class=\"so-panel widget widget_sow-image panel-first-child panel-last-child\" data-index=\"6\" ><div\n\t\t\t\n\t\t\tclass=\"so-widget-sow-image so-widget-sow-image-default-8b5b6f678277-25\"\n\t\t\t\n\t\t><h3 class=\"widget-title\">LU3FR<\/h3>\n<div class=\"sow-image-container\">\n\t\t\t<a href=\"https:\/\/www.qrz.com\/db\/LU3FR\"\n\t\t\ttarget=\"_blank\" rel=\"noopener noreferrer\" \t\t>\n\t\t\t<img \n\tsrc=\"https:\/\/jvp-antenas.com.ar\/cp7dx\/imagenes\/team\/op_LU3FR.jpg\" title=\"LU3FR\" alt=\"LU3FR\" \t\tclass=\"so-widget-image\"\/>\n\t\t\t<\/a><\/div>\n\n<\/div><\/div><\/div><div id=\"pgc-gb25-69ebbcaeab258-3-1\"  class=\"panel-grid-cell\" ><div id=\"panel-gb25-69ebbcaeab258-3-1-0\" class=\"so-panel widget widget_sow-editor panel-first-child panel-last-child\" data-index=\"7\" ><div\n\t\t\t\n\t\t\tclass=\"so-widget-sow-editor so-widget-sow-editor-base\"\n\t\t\t\n\t\t><h3 class=\"widget-title\">Luis Fabian M\u00e9liga<\/h3>\n<div class=\"siteorigin-widget-tinymce textwidget\">\n\t<h6 style=\"font-weight: 400;\"><span style=\"color: #333399;\">Radioaficionado argentino categor\u00eda superior <strong>desde 1990<\/strong>, participa en multiples contest \u00a0internacionales. <strong>CQWPX, CQWW, ARRL<\/strong> en single y multi operador, muy activo tambi\u00e9n en los concursos nacionales.<br \/>\nSiempre a la escucha \u00a0en SSB y digitales en todas las bandas nacido en Rosario provincia de Santa Fe.<br \/>\n<strong>Fue presidente del Radio Club Rosario LU4FM<\/strong> participando en expediciones de DX y activaciones multiples.<br \/>\n<strong>Integrante hoy del grupo de salidas de radio LT2F.<\/strong><br \/>\nOperando en todos estos a\u00f1os con los indicativos<strong> LU3FMR, LR7DX, L34H, <\/strong><strong>L64H, LT2F, LU3FR.<\/strong><\/span><\/h6>\n<\/div>\n<\/div><\/div><\/div><\/div><div id=\"pg-gb25-69ebbcaeab258-4\"  class=\"panel-grid panel-no-style\" ><div id=\"pgc-gb25-69ebbcaeab258-4-0\"  class=\"panel-grid-cell\" ><div id=\"panel-gb25-69ebbcaeab258-4-0-0\" class=\"so-panel widget widget_sow-image panel-first-child panel-last-child\" data-index=\"8\" ><div\n\t\t\t\n\t\t\tclass=\"so-widget-sow-image so-widget-sow-image-default-8b5b6f678277-25\"\n\t\t\t\n\t\t><h3 class=\"widget-title\">LU5HPM<\/h3>\n<div class=\"sow-image-container\">\n\t\t\t<a href=\"https:\/\/www.qrz.com\/db\/LU5HPM\"\n\t\t\ttarget=\"_blank\" rel=\"noopener noreferrer\" \t\t>\n\t\t\t<img \n\tsrc=\"https:\/\/jvp-antenas.com.ar\/cp7dx\/imagenes\/team\/op_LU5HPM.jpg\" title=\"LU5HPM\" alt=\"LU5HPM\" \t\tclass=\"so-widget-image\"\/>\n\t\t\t<\/a><\/div>\n\n<\/div><\/div><\/div><div id=\"pgc-gb25-69ebbcaeab258-4-1\"  class=\"panel-grid-cell\" ><div id=\"panel-gb25-69ebbcaeab258-4-1-0\" class=\"so-panel widget widget_sow-editor panel-first-child panel-last-child\" data-index=\"9\" ><div\n\t\t\t\n\t\t\tclass=\"so-widget-sow-editor so-widget-sow-editor-base\"\n\t\t\t\n\t\t><h3 class=\"widget-title\">Alejandro Miguel G\u00f3mez<\/h3>\n<div class=\"siteorigin-widget-tinymce textwidget\">\n\t<h6><span style=\"color: #333399;\">&#8211;<\/span><\/h6>\n<\/div>\n<\/div><\/div><\/div><\/div><div id=\"pg-gb25-69ebbcaeab258-5\"  class=\"panel-grid panel-no-style\" ><div id=\"pgc-gb25-69ebbcaeab258-5-0\"  class=\"panel-grid-cell\" ><div id=\"panel-gb25-69ebbcaeab258-5-0-0\" class=\"so-panel widget widget_sow-image panel-first-child panel-last-child\" data-index=\"10\" ><div\n\t\t\t\n\t\t\tclass=\"so-widget-sow-image so-widget-sow-image-default-8b5b6f678277-25\"\n\t\t\t\n\t\t><h3 class=\"widget-title\">LU6FOV<\/h3>\n<div class=\"sow-image-container\">\n\t\t\t<a href=\"https:\/\/www.qrz.com\/db\/LU6FOV\"\n\t\t\ttarget=\"_blank\" rel=\"noopener noreferrer\" \t\t>\n\t\t\t<img \n\tsrc=\"https:\/\/jvp-antenas.com.ar\/cp7dx\/imagenes\/team\/op_LU6FOV.jpg\" title=\"LU6FOV\" alt=\"LU6FOV\" \t\tclass=\"so-widget-image\"\/>\n\t\t\t<\/a><\/div>\n\n<\/div><\/div><\/div><div id=\"pgc-gb25-69ebbcaeab258-5-1\"  class=\"panel-grid-cell\" ><div id=\"panel-gb25-69ebbcaeab258-5-1-0\" class=\"so-panel widget widget_sow-editor panel-first-child panel-last-child\" data-index=\"11\" ><div\n\t\t\t\n\t\t\tclass=\"so-widget-sow-editor so-widget-sow-editor-base\"\n\t\t\t\n\t\t><h3 class=\"widget-title\">Fernando Andr\u00e9s Durando<\/h3>\n<div class=\"siteorigin-widget-tinymce textwidget\">\n\t<h6><span style=\"color: #333399;\">Nacido en la ciudad de Rafaela, Provincia de Santa Fe (Rep\u00fablica Argentina), localidad de 100.000 habitantes.<\/span><br \/>\n<span style=\"color: #333399;\">En actividad desde el 27 de Enero de 1997. Muy interesado por el DX. Participa en muchos concursos como CQWPX, IARU, CQWW, ARRL, y otros.<\/span><br \/>\n<span style=\"color: #333399;\">Posee una antena Yagi monobanda de 5 elementos de construcci\u00f3n casera, para la banda de 10 metros, y una Log Peri\u00f3dica multibanda de nueve elementos JVP PAMPA de 10, 12, 15, 17, 20, 40 y 6 metros, dipolo para 80 metros, y otro para 40 metros y otro para 30 metros. Una antena vertical para 2 metros, transceiver Yaesu FT-950, con Mic Yaesu MD-100 y headset Heil Pro Set Plus. Un amplificador lineal Swan \u2013 Mark II. En VHF un Yaesu FTM 3000.<\/span><br \/>\n<span style=\"color: #333399;\">Se dedica mucho a los modos digitales como SSTV, RTTY o PSK, FT8 y FT4 y comenzando con CW.<\/span><br \/>\n<span style=\"color: #333399;\">Particip\u00f3 de expediciones a la isla de San Andr\u00e9s en el a\u00f1o 2017 como 5K0T, en el 2018 en el CQWW desde PT4B en Minas Gerais, en el a\u00f1o 2019 y 2022 en el CQWW desde LS2D y el 2024 desde Tarija, Bolivia como CP7DX<\/span><\/h6>\n<\/div>\n<\/div><\/div><\/div><\/div><div id=\"pg-gb25-69ebbcaeab258-6\"  class=\"panel-grid panel-no-style\" ><div id=\"pgc-gb25-69ebbcaeab258-6-0\"  class=\"panel-grid-cell\" ><div id=\"panel-gb25-69ebbcaeab258-6-0-0\" class=\"so-panel widget widget_sow-image panel-first-child panel-last-child\" data-index=\"12\" ><div\n\t\t\t\n\t\t\tclass=\"so-widget-sow-image so-widget-sow-image-default-8b5b6f678277-25\"\n\t\t\t\n\t\t><h3 class=\"widget-title\">LU6HGH<\/h3>\n<div class=\"sow-image-container\">\n\t\t\t<a href=\"https:\/\/www.qrz.com\/db\/LU6HGH\"\n\t\t\ttarget=\"_blank\" rel=\"noopener noreferrer\" \t\t>\n\t\t\t<img \n\tsrc=\"https:\/\/jvp-antenas.com.ar\/cp7dx\/imagenes\/team\/op_LU6HGH.jpg\" title=\"LU6HGH\" alt=\"LU6HGH\" \t\tclass=\"so-widget-image\"\/>\n\t\t\t<\/a><\/div>\n\n<\/div><\/div><\/div><div id=\"pgc-gb25-69ebbcaeab258-6-1\"  class=\"panel-grid-cell\" ><div id=\"panel-gb25-69ebbcaeab258-6-1-0\" class=\"so-panel widget widget_sow-editor panel-first-child panel-last-child\" data-index=\"13\" ><div\n\t\t\t\n\t\t\tclass=\"so-widget-sow-editor so-widget-sow-editor-base\"\n\t\t\t\n\t\t><h3 class=\"widget-title\">Gonzalo Guerrieri<\/h3>\n<div class=\"siteorigin-widget-tinymce textwidget\">\n\t<h6><span style=\"color: #333399;\">&#8211;<\/span><\/h6>\n<\/div>\n<\/div><\/div><\/div><\/div><div id=\"pg-gb25-69ebbcaeab258-7\"  class=\"panel-grid panel-no-style\" ><div id=\"pgc-gb25-69ebbcaeab258-7-0\"  class=\"panel-grid-cell\" ><div id=\"panel-gb25-69ebbcaeab258-7-0-0\" class=\"so-panel widget widget_sow-image panel-first-child panel-last-child\" data-index=\"14\" ><div\n\t\t\t\n\t\t\tclass=\"so-widget-sow-image so-widget-sow-image-default-8b5b6f678277-25\"\n\t\t\t\n\t\t><h3 class=\"widget-title\">LU9FHF<\/h3>\n<div class=\"sow-image-container\">\n\t\t\t<a href=\"https:\/\/www.qrz.com\/db\/LU9FHF\"\n\t\t\t\t\t>\n\t\t\t<img \n\tsrc=\"https:\/\/jvp-antenas.com.ar\/cp7dx\/imagenes\/team\/op_LU9FHF.jpg\" title=\"LU9FHF\" alt=\"LU9FHF\" \t\tclass=\"so-widget-image\"\/>\n\t\t\t<\/a><\/div>\n\n<\/div><\/div><\/div><div id=\"pgc-gb25-69ebbcaeab258-7-1\"  class=\"panel-grid-cell\" ><div id=\"panel-gb25-69ebbcaeab258-7-1-0\" class=\"so-panel widget widget_sow-editor panel-first-child panel-last-child\" data-index=\"15\" ><div\n\t\t\t\n\t\t\tclass=\"so-widget-sow-editor so-widget-sow-editor-base\"\n\t\t\t\n\t\t><h3 class=\"widget-title\">Daniel R. Traid<\/h3>\n<div class=\"siteorigin-widget-tinymce textwidget\">\n\t<h6><span style=\"color: #333399;\">Radioaficionado desde septiembre de 1976.<br \/>\nEn la actualidad posee Categor\u00eda Superior. Desde siempre tuvo pasi\u00f3n por el DX y los Concursos. Activo en SSB y Digitales y preferentemente en banda de 40 metros, aunque est\u00e1 activo en todas las bandas de HF incluyendo las WARC y 6 metros.<br \/>\nEn los a\u00f1os 1979\/1980 estuvo activo casi con exclusividad en SSTV. Con los pocos elementos que hab\u00eda en esa \u00e9poca realiz\u00f3 una cantidad considerable de comunicados.<br \/>\nTiene alrededor de 285 entidades trabajadas. Particip\u00f3 junto a LU1FM (amigo desde los inicios inicios en la radio), en la DXpedition a 5J\u00d8B en octubre de 2015, con quien en 2017 emprendieron junto a otros amigos la aventura de 5K\u00d8T.<\/span><\/h6>\n<\/div>\n<\/div><\/div><\/div><\/div><\/div>\n\n\n<div style=\"height:100px\" aria-hidden=\"true\" class=\"wp-block-spacer\"><\/div>\n\n\n<div id=\"pl-gb25-69ebbcaeac855\"  class=\"panel-layout wp-block-siteorigin-panels-layout-block\" ><div id=\"pg-gb25-69ebbcaeac855-0\"  class=\"panel-grid panel-no-style\" ><div id=\"pgc-gb25-69ebbcaeac855-0-0\"  class=\"panel-grid-cell\" ><div id=\"panel-gb25-69ebbcaeac855-0-0-0\" class=\"so-panel widget widget_sow-image-grid panel-first-child panel-last-child\" data-index=\"0\" ><div\n\t\t\t\n\t\t\tclass=\"so-widget-sow-image-grid so-widget-sow-image-grid-default-d5fa7f164747-25\"\n\t\t\t\n\t\t>\t<div\n\t\tclass=\"sow-image-grid-wrapper\"\n\t\tdata-max-width=\"100\"\t\tdata-max-height=\"100\"\t>\n\t\t\t\t\t<div class=\"sow-image-grid-image\">\n\t\t\t\t\t\t\t\t\t\t\t\t\t<a href=\"https:\/\/clublog.org\/\"\n\t\t\t\t\t\t\t\t\t\t\t\t\t\t\t\t\t\ttarget=\"_blank\" \t\t\t\t\t\t\t\t\t\t\t\t\t\t\t\t\t\t\t\t\t\t\t\trel=\"noopener noreferrer\" \t\t\t\t\t\t\t\t\t\t\t>\n\t\t\t\t\t\t\t\t<img decoding=\"async\" title=\"Club Log\" alt=\"Club Log&quot;\" class=\"sow-image-grid-image_html\" src=\"https:\/\/jvp-antenas.com.ar\/cp7dx\/imagenes\/escudos\/esc_clublog.png\" >\t\t\t\t\t\t\t\t\t<\/a>\n\t\t\t\t\t\t\t\t\t\t\t\t\t<div class=\"image-title\">\n\t\t\t\t\t\tClub Log\t\t\t\t\t<\/div>\n\t\t\t\t\t\t\t<\/div>\n\t\t\t\t\t<div class=\"sow-image-grid-image\">\n\t\t\t\t\t\t\t\t\t\t\t\t\t<a href=\"https:\/\/www.qrz.com\/db\/CP1AA\"\n\t\t\t\t\t\t\t\t\t\t\t\t\t\t\t\t\t\ttarget=\"_blank\" \t\t\t\t\t\t\t\t\t\t\t\t\t\t\t\t\t\t\t\t\t\t\t\trel=\"noopener noreferrer\" \t\t\t\t\t\t\t\t\t\t\t>\n\t\t\t\t\t\t\t\t<img decoding=\"async\" title=\"CP1AA\" alt=\"CP1AA&quot;\" class=\"sow-image-grid-image_html\" src=\"https:\/\/jvp-antenas.com.ar\/cp7dx\/imagenes\/escudos\/esc_cp1aa.png\" >\t\t\t\t\t\t\t\t\t<\/a>\n\t\t\t\t\t\t\t\t\t\t\t\t\t<div class=\"image-title\">\n\t\t\t\t\t\tCP1AA\t\t\t\t\t<\/div>\n\t\t\t\t\t\t\t<\/div>\n\t\t\t\t\t<div class=\"sow-image-grid-image\">\n\t\t\t\t\t\t\t\t\t\t\t\t\t<a href=\"https:\/\/jvp-antenas.com.ar\"\n\t\t\t\t\t\t\t\t\t\t\t\t\t\t\t\t\t\ttarget=\"_blank\" \t\t\t\t\t\t\t\t\t\t\t\t\t\t\t\t\t\t\t\t\t\t\t\trel=\"noopener noreferrer\" \t\t\t\t\t\t\t\t\t\t\t>\n\t\t\t\t\t\t\t\t<img decoding=\"async\" title=\"JVP Antenas\" alt=\"JVP Antenas&quot;\" class=\"sow-image-grid-image_html\" src=\"https:\/\/jvp-antenas.com.ar\/cp7dx\/imagenes\/escudos\/esc_jvp_antenas.png\" >\t\t\t\t\t\t\t\t\t<\/a>\n\t\t\t\t\t\t\t\t\t\t\t\t\t<div class=\"image-title\">\n\t\t\t\t\t\tJVP Antenas\t\t\t\t\t<\/div>\n\t\t\t\t\t\t\t<\/div>\n\t\t\t\t\t<div class=\"sow-image-grid-image\">\n\t\t\t\t\t\t\t\t\t\t\t\t\t<a href=\"https:\/\/lda.ar\"\n\t\t\t\t\t\t\t\t\t\t\t\t\t\t\t\t\t\ttarget=\"_blank\" \t\t\t\t\t\t\t\t\t\t\t\t\t\t\t\t\t\t\t\t\t\t\t\trel=\"noopener noreferrer\" \t\t\t\t\t\t\t\t\t\t\t>\n\t\t\t\t\t\t\t\t<img decoding=\"async\" title=\"LdA\" alt=\"LdA&quot;\" class=\"sow-image-grid-image_html\" src=\"https:\/\/jvp-antenas.com.ar\/cp7dx\/imagenes\/escudos\/esc_lda.png\" >\t\t\t\t\t\t\t\t\t<\/a>\n\t\t\t\t\t\t\t\t\t\t\t\t\t<div class=\"image-title\">\n\t\t\t\t\t\tLdA\t\t\t\t\t<\/div>\n\t\t\t\t\t\t\t<\/div>\n\t\t\t\t\t<div class=\"sow-image-grid-image\">\n\t\t\t\t\t\t\t\t\t\t\t\t\t<a href=\"https:\/\/www.facebook.com\/groups\/NEAAsat\/\"\n\t\t\t\t\t\t\t\t\t\t\t\t\t\t\t\t\t\ttarget=\"_blank\" \t\t\t\t\t\t\t\t\t\t\t\t\t\t\t\t\t\t\t\t\t\t\t\trel=\"noopener noreferrer\" \t\t\t\t\t\t\t\t\t\t\t>\n\t\t\t\t\t\t\t\t<img decoding=\"async\" title=\"NEAA\" alt=\"NEAA&quot;\" class=\"sow-image-grid-image_html\" src=\"https:\/\/jvp-antenas.com.ar\/cp7dx\/imagenes\/escudos\/esc_neaa.png\" >\t\t\t\t\t\t\t\t\t<\/a>\n\t\t\t\t\t\t\t\t\t\t\t\t\t<div class=\"image-title\">\n\t\t\t\t\t\tNEAA\t\t\t\t\t<\/div>\n\t\t\t\t\t\t\t<\/div>\n\t\t\t\t\t<div class=\"sow-image-grid-image\">\n\t\t\t\t\t\t\t\t\t\t\t\t\t<a href=\"https:\/\/antennas-amplifiers.com\/\"\n\t\t\t\t\t\t\t\t\t\t\t\t\t\t\t\t\t\ttarget=\"_blank\" \t\t\t\t\t\t\t\t\t\t\t\t\t\t\t\t\t\t\t\t\t\t\t\trel=\"noopener noreferrer\" \t\t\t\t\t\t\t\t\t\t\t>\n\t\t\t\t\t\t\t\t<img decoding=\"async\" title=\"Antennas-amplifiers\" alt=\"Antennas-Amplifiers &quot;\" class=\"sow-image-grid-image_html\" src=\"https:\/\/jvp-antenas.com.ar\/cp7dx\/imagenes\/escudos\/antennas-amplifiers.png\" >\t\t\t\t\t\t\t\t\t<\/a>\n\t\t\t\t\t\t\t\t\t\t\t\t\t<div class=\"image-title\">\n\t\t\t\t\t\tAntennas-amplifiers\t\t\t\t\t<\/div>\n\t\t\t\t\t\t\t<\/div>\n\t\t\t\t\t<div class=\"sow-image-grid-image\">\n\t\t\t\t\t\t\t\t\t\t\t\t<img decoding=\"async\" title=\"Yaguaret\u00e9 DX Group\" alt=\"Yaguaret\u00e9 DX Group&quot;\" class=\"sow-image-grid-image_html\" src=\"https:\/\/jvp-antenas.com.ar\/cp7dx\/imagenes\/escudos\/esc_yaguarete_dx_group.png\" >\t\t\t\t\t\t\t\t\t\t\t\t\t<div class=\"image-title\">\n\t\t\t\t\t\tYaguaret\u00e9 DX Group\t\t\t\t\t<\/div>\n\t\t\t\t\t\t\t<\/div>\n\t\t\t<\/div>\n<\/div><\/div><\/div><\/div><\/div>","protected":false},"excerpt":{"rendered":"<p>Radioaficionado desde 1978, en sus inicios con el indicativo LU6FAZ particip\u00f3 en los mayores Contest Internacionales. Dedicado al DX, obteniendo 5BDXCC 5BWAZ. En 2010 cambi\u00f3 su indicativo por el actual&hellip; <\/p>\n","protected":false},"author":1,"featured_media":0,"parent":0,"menu_order":0,"comment_status":"closed","ping_status":"closed","template":"","meta":{"footnotes":""},"class_list":["post-25","page","type-page","status-publish","hentry"],"_links":{"self":[{"href":"https:\/\/jvp-antenas.com.ar\/cp7dx\/wp-json\/wp\/v2\/pages\/25","targetHints":{"allow":["GET"]}}],"collection":[{"href":"https:\/\/jvp-antenas.com.ar\/cp7dx\/wp-json\/wp\/v2\/pages"}],"about":[{"href":"https:\/\/jvp-antenas.com.ar\/cp7dx\/wp-json\/wp\/v2\/types\/page"}],"author":[{"embeddable":true,"href":"https:\/\/jvp-antenas.com.ar\/cp7dx\/wp-json\/wp\/v2\/users\/1"}],"replies":[{"embeddable":true,"href":"https:\/\/jvp-antenas.com.ar\/cp7dx\/wp-json\/wp\/v2\/comments?post=25"}],"version-history":[{"count":62,"href":"https:\/\/jvp-antenas.com.ar\/cp7dx\/wp-json\/wp\/v2\/pages\/25\/revisions"}],"predecessor-version":[{"id":547,"href":"https:\/\/jvp-antenas.com.ar\/cp7dx\/wp-json\/wp\/v2\/pages\/25\/revisions\/547"}],"wp:attachment":[{"href":"https:\/\/jvp-antenas.com.ar\/cp7dx\/wp-json\/wp\/v2\/media?parent=25"}],"curies":[{"name":"wp","href":"https:\/\/api.w.org\/{rel}","templated":true}]}}